{"id":13,"date":"2023-08-18T12:00:48","date_gmt":"2023-08-18T10:00:48","guid":{"rendered":"https:\/\/www.soubey.ch\/embellissement\/?page_id=13"},"modified":"2024-06-24T02:41:19","modified_gmt":"2024-06-24T00:41:19","slug":"cabane-forestiere","status":"publish","type":"page","link":"https:\/\/www.soubey.ch\/embellissement\/cabane-forestiere\/","title":{"rendered":"Cabane foresti\u00e8re"},"content":{"rendered":"\t\t<div data-elementor-type=\"wp-page\" data-elementor-id=\"13\" class=\"elementor elementor-13\" data-elementor-post-type=\"page\">\n\t\t\t\t<div class=\"elementor-element elementor-element-daabafb e-flex e-con-boxed e-con e-parent\" data-id=\"daabafb\" data-element_type=\"container\" data-e-type=\"container\">\n\t\t\t\t\t<div class=\"e-con-inner\">\n\t\t\t\t<div class=\"elementor-element elementor-element-c197bc5 elementor-widget elementor-widget-text-editor\" data-id=\"c197bc5\" data-element_type=\"widget\" data-e-type=\"widget\" data-widget_type=\"text-editor.default\">\n\t\t\t\t<div class=\"elementor-widget-container\">\n\t\t\t\t\t\t\t\t\t<p>Il a \u00e9t\u00e9 d\u00e9cid\u00e9 lors de l&rsquo;assembl\u00e9e g\u00e9n\u00e9rale du 17 mars 2023 de mettre fin au projet de cabane \u00a0\u00bb La Corde\u00a0\u00bb. Cependant, le comite\u0301 ainsi que les membres ont le souhait d\u2019offrir a\u0300 notre village une cabane forestie\u0300re, plus abordable financie\u0300rement. C\u2019est pourquoi, une commission de construction a e\u0301te\u0301 mise sur pied afin de re\u0301aliser un projet plus simple et bien moins one\u0301reux afin qu\u2019il puisse e\u0302tre viable financie\u0300rement pour la socie\u0301te\u0301 d\u2019embellissement de Soubey.<\/p><p><span style=\"color: #ff0000;\"><a style=\"color: #ff0000;\" href=\"https:\/\/www.soubey.ch\/embellissement\/wp-content\/uploads\/2024\/02\/Cabane-donateurs.pdf\"><span style=\"text-decoration: underline;\">\u2193<\/span> Courrier donateurs &#8211; arr\u00eat de projet<\/a><\/span><\/p><p><span style=\"color: #ff0000;\"><a style=\"color: #ff0000;\" href=\"https:\/\/www.soubey.ch\/embellissement\/wp-content\/uploads\/2024\/02\/Lettre-membre.pdf\"><span style=\"text-decoration: underline;\">\u2193<\/span> Courrier membres &#8211; arr\u00eat de projet<\/a><\/span><\/p><div class=\"page\" title=\"Page 1\"><div class=\"layoutArea\"><div class=\"column\">\u00a0<\/div><\/div><\/div>\t\t\t\t\t\t\t\t<\/div>\n\t\t\t\t<\/div>\n\t\t\t\t\t<\/div>\n\t\t\t\t<\/div>\n\t\t\t\t<\/div>\n\t\t","protected":false},"excerpt":{"rendered":"<p>Il a \u00e9t\u00e9 d\u00e9cid\u00e9 lors de l&rsquo;assembl\u00e9e g\u00e9n\u00e9rale du 17 mars 2023 de mettre fin au projet de cabane \u00a0\u00bb La Corde\u00a0\u00bb. Cependant, le comite\u0301 ainsi que les membres ont le souhait d\u2019offrir a\u0300 notre village une cabane forestie\u0300re, plus abordable financie\u0300rement. C\u2019est pourquoi, une commission de construction a e\u0301te\u0301 mise sur pied afin de [&hellip;]<\/p>\n","protected":false},"author":1,"featured_media":0,"parent":0,"menu_order":0,"comment_status":"closed","ping_status":"closed","template":"","meta":{"footnotes":""},"class_list":["post-13","page","type-page","status-publish","hentry"],"blocksy_meta":[],"_links":{"self":[{"href":"https:\/\/www.soubey.ch\/embellissement\/wp-json\/wp\/v2\/pages\/13","targetHints":{"allow":["GET"]}}],"collection":[{"href":"https:\/\/www.soubey.ch\/embellissement\/wp-json\/wp\/v2\/pages"}],"about":[{"href":"https:\/\/www.soubey.ch\/embellissement\/wp-json\/wp\/v2\/types\/page"}],"author":[{"embeddable":true,"href":"https:\/\/www.soubey.ch\/embellissement\/wp-json\/wp\/v2\/users\/1"}],"replies":[{"embeddable":true,"href":"https:\/\/www.soubey.ch\/embellissement\/wp-json\/wp\/v2\/comments?post=13"}],"version-history":[{"count":10,"href":"https:\/\/www.soubey.ch\/embellissement\/wp-json\/wp\/v2\/pages\/13\/revisions"}],"predecessor-version":[{"id":344,"href":"https:\/\/www.soubey.ch\/embellissement\/wp-json\/wp\/v2\/pages\/13\/revisions\/344"}],"wp:attachment":[{"href":"https:\/\/www.soubey.ch\/embellissement\/wp-json\/wp\/v2\/media?parent=13"}],"curies":[{"name":"wp","href":"https:\/\/api.w.org\/{rel}","templated":true}]}}