{"id":17,"date":"2023-08-18T12:01:02","date_gmt":"2023-08-18T10:01:02","guid":{"rendered":"https:\/\/www.soubey.ch\/embellissement\/?page_id=17"},"modified":"2026-03-04T14:03:42","modified_gmt":"2026-03-04T13:03:42","slug":"comite","status":"publish","type":"page","link":"https:\/\/www.soubey.ch\/embellissement\/comite\/","title":{"rendered":"Comit\u00e9"},"content":{"rendered":"\t\t<div data-elementor-type=\"wp-page\" data-elementor-id=\"17\" class=\"elementor elementor-17\" data-elementor-post-type=\"page\">\n\t\t\t\t<div class=\"elementor-element elementor-element-993248e e-flex e-con-boxed e-con e-parent\" data-id=\"993248e\" data-element_type=\"container\" data-e-type=\"container\">\n\t\t\t\t\t<div class=\"e-con-inner\">\n\t\t\t\t<div class=\"elementor-element elementor-element-a888cd9 elementor-widget elementor-widget-heading\" data-id=\"a888cd9\" data-element_type=\"widget\" data-e-type=\"widget\" data-widget_type=\"heading.default\">\n\t\t\t\t<div class=\"elementor-widget-container\">\n\t\t\t\t\t<h2 class=\"elementor-heading-title elementor-size-default\">Comit\u00e9<\/h2>\t\t\t\t<\/div>\n\t\t\t\t<\/div>\n\t\t\t\t\t<\/div>\n\t\t\t\t<\/div>\n\t\t<div class=\"elementor-element elementor-element-1b1fb2b e-flex e-con-boxed e-con e-parent\" data-id=\"1b1fb2b\" data-element_type=\"container\" data-e-type=\"container\">\n\t\t\t\t\t<div class=\"e-con-inner\">\n\t\t\t\t<div class=\"elementor-element elementor-element-eadf605 elementor-widget elementor-widget-text-editor\" data-id=\"eadf605\" data-element_type=\"widget\" data-e-type=\"widget\" data-widget_type=\"text-editor.default\">\n\t\t\t\t<div class=\"elementor-widget-container\">\n\t\t\t\t\t\t\t\t\t<h6><span style=\"color: #ff0000;\">Val\u00e9rie Chambaz &#8211; Pr\u00e9sidente\u00a0<span style=\"color: #000000;\">&#8211; 079 609 17 26<\/span><\/span><\/h6><h6><span style=\"color: #ff0000;\">Yves Maitre &#8211; Vice-Pr\u00e9sident<\/span><span style=\"color: #ff0000;\"><span style=\"color: #000000;\">&#8211; 078 690 56 67<\/span><\/span><\/h6><h6><span style=\"color: #ff0000;\">Sylvain Choffat &#8211; Secr\u00e9taire\/Caissier<span style=\"color: #000000;\"> &#8211; embellissementsoubey@gmail.com \/ <strong>079 924 84 04<\/strong><\/span><\/span><\/h6><h6><span style=\"color: #ff0000;\">Jacques Chambaz &#8211; Membre <\/span><\/h6><h6><span style=\"color: #ff0000;\">Marjorie Thi\u00e9vent &#8211; Membre<\/span><\/h6>\t\t\t\t\t\t\t\t<\/div>\n\t\t\t\t<\/div>\n\t\t\t\t\t<\/div>\n\t\t\t\t<\/div>\n\t\t\t\t<\/div>\n\t\t","protected":false},"excerpt":{"rendered":"<p>Comit\u00e9 Val\u00e9rie Chambaz &#8211; Pr\u00e9sidente\u00a0&#8211; 079 609 17 26 Yves Maitre &#8211; Vice-Pr\u00e9sident- 078 690 56 67 Sylvain Choffat &#8211; Secr\u00e9taire\/Caissier &#8211; embellissementsoubey@gmail.com \/ 079 924 84 04 Jacques Chambaz &#8211; Membre Marjorie Thi\u00e9vent &#8211; Membre<\/p>\n","protected":false},"author":1,"featured_media":0,"parent":0,"menu_order":0,"comment_status":"closed","ping_status":"closed","template":"","meta":{"footnotes":""},"class_list":["post-17","page","type-page","status-publish","hentry"],"blocksy_meta":[],"_links":{"self":[{"href":"https:\/\/www.soubey.ch\/embellissement\/wp-json\/wp\/v2\/pages\/17","targetHints":{"allow":["GET"]}}],"collection":[{"href":"https:\/\/www.soubey.ch\/embellissement\/wp-json\/wp\/v2\/pages"}],"about":[{"href":"https:\/\/www.soubey.ch\/embellissement\/wp-json\/wp\/v2\/types\/page"}],"author":[{"embeddable":true,"href":"https:\/\/www.soubey.ch\/embellissement\/wp-json\/wp\/v2\/users\/1"}],"replies":[{"embeddable":true,"href":"https:\/\/www.soubey.ch\/embellissement\/wp-json\/wp\/v2\/comments?post=17"}],"version-history":[{"count":40,"href":"https:\/\/www.soubey.ch\/embellissement\/wp-json\/wp\/v2\/pages\/17\/revisions"}],"predecessor-version":[{"id":475,"href":"https:\/\/www.soubey.ch\/embellissement\/wp-json\/wp\/v2\/pages\/17\/revisions\/475"}],"wp:attachment":[{"href":"https:\/\/www.soubey.ch\/embellissement\/wp-json\/wp\/v2\/media?parent=17"}],"curies":[{"name":"wp","href":"https:\/\/api.w.org\/{rel}","templated":true}]}}